{"id":35,"date":"2018-04-15T18:36:47","date_gmt":"2018-04-15T18:36:47","guid":{"rendered":"http:\/\/fww-fotografie.de\/?page_id=35"},"modified":"2026-01-31T12:08:06","modified_gmt":"2026-01-31T12:08:06","slug":"ueber-uns","status":"publish","type":"page","link":"https:\/\/fww-fotografie.de\/?page_id=35","title":{"rendered":""},"content":{"rendered":"<div class=\"gwolle-gb\"><div class=\"gwolle-gb-messages-top-container\"><\/div>\n\t\t\t<div class=\"gwolle-gb-write-button\">\n\t\t\t\t<input type=\"button\" name=\"gwolle-gb-write-button\" class=\"button btn btn-default \" value=\"Neuen Eintrag schreiben\" aria-expanded=\"false\" \/>\n\t\t\t<\/div>\n\t\t\t<form action=\"#\" method=\"POST\" class=\"gwolle-gb-write gwolle-gb-hide gwolle-gb-float gwolle-gb-form-ajax gwolle-gb-ajax gwolle-gb-not-logged-in\">\n\t\t\t\t<h3>Einen neuen Eintrag f\u00fcr das G\u00e4stebuch schreiben<\/h3>\n\t\t\t\t<button type=\"button\" class=\"gb-notice-dismiss\">x<span class=\"screen-reader-text\">Dieses Formular ausblenden<\/span><\/button>\n\t\t\t\n\t\t\t\t<input type=\"hidden\" name=\"gwolle_gb_function\" class=\"gwolle_gb_function\" value=\"add_entry\" \/><input type=\"hidden\" name=\"gwolle_gb_book_id\" class=\"gwolle_gb_book_id\" value=\"1\" \/><div class=\"gwolle_gb_993ed7d1a138a3810a57754177c1a2d4\">\n\t\t\t\t<div class=\"label\"><label for=\"gwolle_gb_993ed7d1a138a3810a57754177c1a2d4-1\" class=\"text-info\">Name <span class=\"required\">*<\/span><\/label><\/div>\n\t\t\t\t<div class=\"input\"><input class=\"wp-exclude-emoji gwolle_gb_993ed7d1a138a3810a57754177c1a2d4\" value=\"\" type=\"text\" id=\"gwolle_gb_993ed7d1a138a3810a57754177c1a2d4-1\" name=\"gwolle_gb_993ed7d1a138a3810a57754177c1a2d4\" required \/><\/div>\n\t\t\t\t<div class=\"clearBoth\">&nbsp;<\/div>\n\t\t\t<\/div><div class=\"gwolle_gb_2866c8133641bb659aa636cd7cbeb54a\">\n\t\t\t\t\t<div class=\"label\"><label for=\"gwolle_gb_2866c8133641bb659aa636cd7cbeb54a-1\" class=\"text-info\">Stadt<\/label><\/div>\n\t\t\t\t\t<div class=\"input\"><input class=\"wp-exclude-emoji gwolle_gb_2866c8133641bb659aa636cd7cbeb54a\" value=\"\" type=\"text\" id=\"gwolle_gb_2866c8133641bb659aa636cd7cbeb54a-1\" name=\"gwolle_gb_2866c8133641bb659aa636cd7cbeb54a\" \/><\/div>\n\t\t\t\t\t<div class=\"clearBoth\">&nbsp;<\/div>\n\t\t\t\t<\/div><div class=\"gwolle_gb_53d0f92dd626da0d01ee3a17f75354d1\">\n\t\t\t\t<div class=\"label\"><label for=\"gwolle_gb_53d0f92dd626da0d01ee3a17f75354d1-1\" class=\"text-info\">E-Mail <span class=\"required\">*<\/span><\/label><\/div>\n\t\t\t\t<div class=\"input\"><input class=\"gwolle_gb_53d0f92dd626da0d01ee3a17f75354d1\" value=\"\" type=\"email\" id=\"gwolle_gb_53d0f92dd626da0d01ee3a17f75354d1-1\" name=\"gwolle_gb_53d0f92dd626da0d01ee3a17f75354d1\" required \/><\/div>\n\t\t\t\t<div class=\"clearBoth\">&nbsp;<\/div>\n\t\t\t<\/div><div class=\"gwolle_gb_ea25c9b2af132485298fe6ed716f811d\">\n\t\t\t\t<div class=\"label\"><label for=\"gwolle_gb_ea25c9b2af132485298fe6ed716f811d-1\" class=\"text-info\">Website<\/label><\/div>\n\t\t\t\t<div class=\"input\"><input class=\"gwolle_gb_ea25c9b2af132485298fe6ed716f811d\" value=\"\" type=\"url\" id=\"gwolle_gb_ea25c9b2af132485298fe6ed716f811d-1\" name=\"gwolle_gb_ea25c9b2af132485298fe6ed716f811d\" \/><\/div>\n\t\t\t\t<div class=\"clearBoth\">&nbsp;<\/div>\n\t\t\t<\/div>\n\t\t\t<div class=\"gwolle_gb_fd17f42bdc405a8be0d771a88dd2c733\" style=\"display:none;overflow:hidden;\" hidden=\"true\" aria-hidden=\"true\">\n\t\t\t\t<div class=\"label\">\n\t\t\t\t\t<label for=\"gwolle_gb_fd17f42bdc405a8be0d771a88dd2c733-1\" class=\"text-primary\">Hier nichts eingeben<\/label>\n\t\t\t\t\t<label for=\"gwolle_gb_c15a0f476aef07f2a111268762d000d7-1\" class=\"text-primary\">Hier nichts eingeben<\/label>\n\t\t\t\t<\/div>\n\t\t\t\t<div class=\"input\">\n\t\t\t\t\t<input value=\"82\" type=\"text\" id=\"gwolle_gb_fd17f42bdc405a8be0d771a88dd2c733-1\" name=\"gwolle_gb_fd17f42bdc405a8be0d771a88dd2c733\" class=\"gwolle_gb_fd17f42bdc405a8be0d771a88dd2c733\" style=\"transform: translateY(10000px);\" \/>\n\t\t\t\t\t<input value=\"\" type=\"text\" name=\"gwolle_gb_c15a0f476aef07f2a111268762d000d7\" id=\"gwolle_gb_c15a0f476aef07f2a111268762d000d7-1\" class=\"gwolle_gb_c15a0f476aef07f2a111268762d000d7\" style=\"transform: translateY(10000px);\" \/>\n\t\t\t\t<\/div>\n\t\t\t\t<div class=\"clearBoth\"><\/div>\n\t\t\t<\/div>\n\t\t\t<div class=\"gwolle_gb_121cf8e7327261ce321776b40db4b16e\" style=\"display:none;overflow:hidden;\" hidden=\"true\" aria-hidden=\"true\">\n\t\t\t\t<div class=\"label\">\n\t\t\t\t\t<label for=\"gwolle_gb_121cf8e7327261ce321776b40db4b16e-1\" class=\"text-primary\">Hier nichts eingeben<\/label>\n\t\t\t\t\t<label for=\"gwolle_gb_0d1bdc2dc35ea02a266a548720336e20-1\" class=\"text-primary\">Hier nichts eingeben<\/label>\n\t\t\t\t<\/div>\n\t\t\t\t<div class=\"input\">\n\t\t\t\t\t<input value=\"90817\" type=\"text\" id=\"gwolle_gb_121cf8e7327261ce321776b40db4b16e-1\" name=\"gwolle_gb_121cf8e7327261ce321776b40db4b16e\" class=\"gwolle_gb_121cf8e7327261ce321776b40db4b16e\" style=\"transform: translateY(10000px);\" \/>\n\t\t\t\t\t<input value=\"90817\" type=\"text\"id=\"gwolle_gb_0d1bdc2dc35ea02a266a548720336e20-1\" name=\"gwolle_gb_0d1bdc2dc35ea02a266a548720336e20\" class=\"gwolle_gb_0d1bdc2dc35ea02a266a548720336e20\" style=\"transform: translateY(10000px);\" \/>\n\t\t\t\t<\/div>\n\t\t\t\t<div class=\"clearBoth\"><\/div>\n\t\t\t<\/div><div class=\"gwolle_gb_content\">\n\t\t\t\t<div class=\"label\"><label for=\"gwolle_gb_content-1\" class=\"text-info\">G\u00e4stebucheintrag <span class=\"required\">*<\/span><\/label><\/div>\n\t\t\t\t<div class=\"input\"><textarea id=\"gwolle_gb_content-1\" name=\"gwolle_gb_content\" class=\"gwolle_gb_content wp-exclude-emoji\" required ><\/textarea><\/div>\n\t\t\t\t\t<div class=\"clearBoth\">&nbsp;<\/div>\n\t\t\t\t<\/div><input type=\"hidden\" class=\"gwolle_gb_7806a5523d90cdfd7541fd9cdfc122c8\" id=\"gwolle_gb_7806a5523d90cdfd7541fd9cdfc122c8-1\" name=\"gwolle_gb_7806a5523d90cdfd7541fd9cdfc122c8\" value=\"ceb4701ab6\" \/>\n\t\t\t<div class=\"gwolle-gb-messages-bottom-container\"><\/div>\n\n\t\t\t<noscript><div class=\"no-js\">Warnung: Dieses Formular kann nur verwendet werden, wenn in deinem Browser JavaScript aktiviert ist.<\/div><\/noscript>\n\n\t\t\t<div class=\"gwolle_gb_submit gwolle-gb-submit\">\n\t\t\t\t<div class=\"label gwolle-gb-invisible text-muted\">&nbsp;<\/div>\n\t\t\t\t<div class=\"input\">\n\t\t\t\t\t<input type=\"submit\" name=\"gwolle_gb_submit\" class=\"gwolle_gb_submit button btn btn-primary \" value=\"Absenden\" \/>\n\t\t\t\t\t<span class=\"gwolle_gb_submit_ajax_icon gwolle-gb-submit-ajax-icon\"><\/span>\n\t\t\t\n\t\t\t\t<\/div>\n\t\t\t\t<div class=\"clearBoth\">&nbsp;<\/div>\n\t\t\t<\/div>\n\n\t\t\t<div class=\"gwolle_gb_notice gwolle-gb-notice\">\n\t\t\t\t<br \/>\nMit * gekennzeichnete Felder sind erforderlich.<br \/>\nDeine E-Mail-Adresse wird nicht ver\u00f6ffentlicht.<br \/>\nEs ist m\u00f6glich, dass dein Eintrag im G\u00e4stebuch erst sichtbar ist, nachdem wir ihn \u00fcberpr\u00fcft haben.<br \/>\nWir behalten uns vor, Eintr\u00e4ge zu bearbeiten, zu l\u00f6schen oder nicht zu ver\u00f6ffentlichen.<br \/>\n\n\t\t\t<\/div><\/form><div class=\"gwolle-gb-read gwolle-gb-ajax gwolle-gb-entries-list\" data-book_id=\"1\" data-page_id=\"1\">\n\t\t<div id=\"gwolle-gb-total\" class=\"gwolle-gb-total\">2 Eintr\u00e4ge<\/div><!-- Gwolle-GB Entry: Default Template Loaded -->\n\t\t\t\t<div class=\"gb-entry gb-entry_5 gb-entry-count_1 gwolle-gb-uneven gwolle-gb-first\" id=\"gb-entry_5\" data-entry_id=\"5\">\n\t\t\t\t<article>\n\t\t\t\t\t<div class=\"gb-author-info\">\n\t\t\t\t\t\t<span class=\"gb-author-avatar\"><img referrerpolicy=\"no-referrer\" alt='Sch\u00fcssler' src='https:\/\/secure.gravatar.com\/avatar\/d1d4c24efcab72f5b449ded0501396b8f78efecfdf0db4b07d4d23f645d66390?s=32&#038;d=mm&#038;r=g' srcset='https:\/\/secure.gravatar.com\/avatar\/d1d4c24efcab72f5b449ded0501396b8f78efecfdf0db4b07d4d23f645d66390?s=64&#038;d=mm&#038;r=g 2x' class='avatar avatar-32 photo' height='32' width='32' \/><\/span>\n\t\t\t\t\t\t<span class=\"gb-author-name\"><a href=\"http:\/\/www.copaz.de\" target=\"_blank\" rel=\"nofollow noopener noreferrer\"\n\t\t\t\t\t\t\ttitle=\"Besuche die Website von Sch\u00fcssler: http:\/\/www.copaz.de\">Sch\u00fcssler<\/a>\n\t\t\t\t\t\t<\/span>\n\t\t\t\t\t\t<span class=\"gb-author-origin\">\n\t\t\t\t\t\t\t<span class=\"gb-author-origin-from-text\"> aus<\/span>\n\t\t\t\t\t\t\t<span class=\"gb-author-origin-text\"> Berlin<\/span>\n\t\t\t\t\t\t<\/span>\n\t\t\t\t\t\t<span class=\"gb-datetime\">\n\t\t\t\t\t\t\t<span class=\"gb-date\"><span class=\"gb-date-wrote-text\"> schrieb am<\/span><span class=\"gb-date-text\"> M\u00e4rz 15, 2026<\/span>\n\t\t\t\t\t\t\t<\/span><span class=\"gb-time\">\n\t\t\t\t\t\t\t\t\t<span class=\"gb-time-at-text\"> um<\/span>\n\t\t\t\t\t\t\t\t\t<span class=\"gb-time-text\"> 8:34 p.m.<\/span>\n\t\t\t\t\t\t\t\t<\/span>\n\t\t\t\t\t\t<\/span> \n\t\t\t\t\t<\/div>\n\t\t\t\t\t<div class=\"gb-entry-content\">Moin mein Freund, \r\ntolle Homepage! Sehr sch\u00f6ne Fotos.\n\t\t\t\t\t<\/div>\n\t\t\t\t<\/article>\n\t\t\t<\/div>\n\t\t\t<div class=\"gb-entry gb-entry_4 gb-entry-count_2 gwolle-gb-even\" id=\"gb-entry_4\" data-entry_id=\"4\">\n\t\t\t\t<article>\n\t\t\t\t\t<div class=\"gb-author-info\">\n\t\t\t\t\t\t<span class=\"gb-author-avatar\"><img referrerpolicy=\"no-referrer\" alt='Friedrich Wilhelm Wickord' src='https:\/\/secure.gravatar.com\/avatar\/6a71b772ead1ce79cf9c83698fd64d64e0ffd0c7df8e2a8c02bb81f90dcee447?s=32&#038;d=mm&#038;r=g' srcset='https:\/\/secure.gravatar.com\/avatar\/6a71b772ead1ce79cf9c83698fd64d64e0ffd0c7df8e2a8c02bb81f90dcee447?s=64&#038;d=mm&#038;r=g 2x' class='avatar avatar-32 photo' height='32' width='32' \/><\/span>\n\t\t\t\t\t\t<span class=\"gb-author-name\"><a href=\"https:\/\/www.FWW-Fotografie.de\" target=\"_blank\" rel=\"nofollow noopener noreferrer\"\n\t\t\t\t\t\t\ttitle=\"Besuche die Website von Friedrich Wilhelm Wickord: https:\/\/www.FWW-Fotografie.de\">Friedrich Wilhelm Wickord<\/a>\n\t\t\t\t\t\t<\/span>\n\t\t\t\t\t\t<span class=\"gb-author-origin\">\n\t\t\t\t\t\t\t<span class=\"gb-author-origin-from-text\"> aus<\/span>\n\t\t\t\t\t\t\t<span class=\"gb-author-origin-text\"> Moormerland-Jheringsfehn<\/span>\n\t\t\t\t\t\t<\/span>\n\t\t\t\t\t\t<span class=\"gb-datetime\">\n\t\t\t\t\t\t\t<span class=\"gb-date\"><span class=\"gb-date-wrote-text\"> schrieb am<\/span><span class=\"gb-date-text\"> M\u00e4rz 15, 2026<\/span>\n\t\t\t\t\t\t\t<\/span><span class=\"gb-time\">\n\t\t\t\t\t\t\t\t\t<span class=\"gb-time-at-text\"> um<\/span>\n\t\t\t\t\t\t\t\t\t<span class=\"gb-time-text\"> 7:08 p.m.<\/span>\n\t\t\t\t\t\t\t\t<\/span>\n\t\t\t\t\t\t<\/span> \n\t\t\t\t\t<\/div>\n\t\t\t\t\t<div class=\"gb-entry-content\">moin zusammen, \r\nich w\u00fcnsche allen Besuchern meiner Webseite viel Spa\u00df beim Surfen. Spart bitte nicht mit Anregungen oder W\u00fcnschen, die diese Homepage eventuell verbessern k\u00f6nnen. \r\nDanke sch\u00f6n,\r\nFriedrich Wilhelm Wickord\n\t\t\t\t\t<\/div>\n\t\t\t\t<\/article>\n\t\t\t<\/div>\n\t\t\t<\/div><\/div>\n\n\n\n<p><\/p>\n","protected":false},"excerpt":{"rendered":"","protected":false},"author":1,"featured_media":0,"parent":0,"menu_order":0,"comment_status":"closed","ping_status":"closed","template":"","meta":{"footnotes":""},"class_list":["post-35","page","type-page","status-publish","hentry"],"_links":{"self":[{"href":"https:\/\/fww-fotografie.de\/index.php?rest_route=\/wp\/v2\/pages\/35","targetHints":{"allow":["GET"]}}],"collection":[{"href":"https:\/\/fww-fotografie.de\/index.php?rest_route=\/wp\/v2\/pages"}],"about":[{"href":"https:\/\/fww-fotografie.de\/index.php?rest_route=\/wp\/v2\/types\/page"}],"author":[{"embeddable":true,"href":"https:\/\/fww-fotografie.de\/index.php?rest_route=\/wp\/v2\/users\/1"}],"replies":[{"embeddable":true,"href":"https:\/\/fww-fotografie.de\/index.php?rest_route=%2Fwp%2Fv2%2Fcomments&post=35"}],"version-history":[{"count":34,"href":"https:\/\/fww-fotografie.de\/index.php?rest_route=\/wp\/v2\/pages\/35\/revisions"}],"predecessor-version":[{"id":3772,"href":"https:\/\/fww-fotografie.de\/index.php?rest_route=\/wp\/v2\/pages\/35\/revisions\/3772"}],"wp:attachment":[{"href":"https:\/\/fww-fotografie.de\/index.php?rest_route=%2Fwp%2Fv2%2Fmedia&parent=35"}],"curies":[{"name":"wp","href":"https:\/\/api.w.org\/{rel}","templated":true}]}}