{"id":2378,"date":"2025-11-24T19:41:13","date_gmt":"2025-11-24T19:41:13","guid":{"rendered":"https:\/\/fww-fotografie.de\/?page_id=2378"},"modified":"2025-12-23T22:39:15","modified_gmt":"2025-12-23T22:39:15","slug":"unser-moormerland","status":"publish","type":"page","link":"https:\/\/fww-fotografie.de\/?page_id=2378","title":{"rendered":"unser Moormerland"},"content":{"rendered":"<p>Die Seite &#8220; <strong>unser Moormerland&#8220;<\/strong> , eben so die Beitr\u00e4ge mit den Orten ist noch in Bearbeitung, besten Dank f\u00fcr euer Verst\u00e4ndnis. Zum Teil habe ich Passagen und Daten von Wikipedia \u00fcbernommen und zusammengetragen.\u00a0<\/p>\n<p>Gerne d\u00fcrft Ihr mich mit eurem Fachwissen unterst\u00fctzen, welchen ich dann mit Quellenvermerk einflie\u00dfen lasse. Einfach mailen, anrufen oder vorbeikommen.<\/p>\n<p>Es gibt noch viel zu tun, packen wir es an.\u00a0<\/p>\n<p>_______________________________________________________________<\/p>\n<p>Seit September 2022 leben wir jetzt in der Gemeine Moormerland.\u00a0 \u00a0 \u00a0 \u00a0 \u00a0 \u00a0 \u00a0 \u00a0 \u00a0 \u00a0 \u00a0 \u00a0 \u00a0 \u00a0 \u00a0 \u00a0 \u00a0 \u00a0 \u00a0 \u00a0 \u00a0 \u00a0 \u00a0 \u00a0 \u00a0<\/p>\n\n\n<p>Die <strong>Gemeinde Moormerland<\/strong>&nbsp;ist eine aus urspr\u00fcnglich elf eigenst\u00e4ndigen D\u00f6rfern gebildete&nbsp;<a href=\"https:\/\/de.wikipedia.org\/wiki\/Einheitsgemeinde\">Einheitsgemeinde<\/a>&nbsp;im&nbsp;<a href=\"https:\/\/de.wikipedia.org\/wiki\/Landkreis_Leer\">Landkreis Leer<\/a>&nbsp;in&nbsp;<a href=\"https:\/\/de.wikipedia.org\/wiki\/Ostfriesland\">Ostfriesland<\/a>. Wissenswertes \u00fcber die Gemeinde gibt es hinter den Link: <a href=\"https:\/\/www.moormerland.de\/\">Moormerland<\/a> und auch bei Wikipedia <a href=\"https:\/\/de.wikipedia.org\/wiki\/Moormerland\" data-type=\"link\" data-id=\"https:\/\/de.wikipedia.org\/wiki\/Moormerland\">Moormerland<\/a> .<\/p>\n\n\n\n<p>Ich werde aber auch meinen Senf mit Beitr\u00e4gen und Bildern dazu tun, wenn ich die einzelnen D\u00f6rfer besucht habe.<\/p>\n\n\n\n<figure class=\"wp-block-gallery has-nested-images columns-default is-cropped wp-block-gallery-1 is-layout-flex wp-block-gallery-is-layout-flex\">\n<figure class=\"wp-block-image size-large\"><img loading=\"lazy\" decoding=\"async\" width=\"1024\" height=\"733\" data-id=\"2954\" src=\"https:\/\/fww-fotografie.de\/wp-content\/uploads\/2025\/12\/IMG_3990-1024x733.jpeg\" alt=\"\" class=\"wp-image-2954\" srcset=\"https:\/\/fww-fotografie.de\/wp-content\/uploads\/2025\/12\/IMG_3990-1024x733.jpeg 1024w, https:\/\/fww-fotografie.de\/wp-content\/uploads\/2025\/12\/IMG_3990-300x215.jpeg 300w, https:\/\/fww-fotografie.de\/wp-content\/uploads\/2025\/12\/IMG_3990-768x550.jpeg 768w, https:\/\/fww-fotografie.de\/wp-content\/uploads\/2025\/12\/IMG_3990-1536x1099.jpeg 1536w, https:\/\/fww-fotografie.de\/wp-content\/uploads\/2025\/12\/IMG_3990-2048x1466.jpeg 2048w\" sizes=\"auto, (max-width: 767px) 89vw, (max-width: 1000px) 54vw, (max-width: 1071px) 543px, 580px\" \/><figcaption class=\"wp-element-caption\">Screenshot<\/figcaption><\/figure>\n<\/figure>\n\n\n\n<p>Einen ganz lieben Dank an Susanne Bostelmann, die diese Grafik erstellt hat.<\/p>\n\n\n\n<p><\/p>\n","protected":false},"excerpt":{"rendered":"<p>Die Seite &#8220; unser Moormerland&#8220; , eben so die Beitr\u00e4ge mit den Orten ist noch in Bearbeitung, besten Dank f\u00fcr euer Verst\u00e4ndnis. Zum Teil habe ich Passagen und Daten von Wikipedia \u00fcbernommen und zusammengetragen.\u00a0 Gerne d\u00fcrft Ihr mich mit eurem Fachwissen unterst\u00fctzen, welchen ich dann mit Quellenvermerk einflie\u00dfen lasse. Einfach mailen, anrufen oder vorbeikommen. Es &hellip; <\/p>\n<p class=\"link-more\"><a href=\"https:\/\/fww-fotografie.de\/?page_id=2378\" class=\"more-link\"><span class=\"screen-reader-text\">\u201eunser Moormerland\u201c <\/span>weiterlesen<\/a><\/p>\n","protected":false},"author":4,"featured_media":0,"parent":0,"menu_order":0,"comment_status":"closed","ping_status":"closed","template":"","meta":{"footnotes":""},"class_list":["post-2378","page","type-page","status-publish","hentry"],"_links":{"self":[{"href":"https:\/\/fww-fotografie.de\/index.php?rest_route=\/wp\/v2\/pages\/2378","targetHints":{"allow":["GET"]}}],"collection":[{"href":"https:\/\/fww-fotografie.de\/index.php?rest_route=\/wp\/v2\/pages"}],"about":[{"href":"https:\/\/fww-fotografie.de\/index.php?rest_route=\/wp\/v2\/types\/page"}],"author":[{"embeddable":true,"href":"https:\/\/fww-fotografie.de\/index.php?rest_route=\/wp\/v2\/users\/4"}],"replies":[{"embeddable":true,"href":"https:\/\/fww-fotografie.de\/index.php?rest_route=%2Fwp%2Fv2%2Fcomments&post=2378"}],"version-history":[{"count":18,"href":"https:\/\/fww-fotografie.de\/index.php?rest_route=\/wp\/v2\/pages\/2378\/revisions"}],"predecessor-version":[{"id":3200,"href":"https:\/\/fww-fotografie.de\/index.php?rest_route=\/wp\/v2\/pages\/2378\/revisions\/3200"}],"wp:attachment":[{"href":"https:\/\/fww-fotografie.de\/index.php?rest_route=%2Fwp%2Fv2%2Fmedia&parent=2378"}],"curies":[{"name":"wp","href":"https:\/\/api.w.org\/{rel}","templated":true}]}}