{"id":1789,"date":"2025-09-27T20:45:38","date_gmt":"2025-09-27T20:45:38","guid":{"rendered":"https:\/\/fww-fotografie.de\/?page_id=1789"},"modified":"2025-12-08T19:24:22","modified_gmt":"2025-12-08T19:24:22","slug":"leckereien","status":"publish","type":"page","link":"https:\/\/fww-fotografie.de\/?page_id=1789","title":{"rendered":"Leckereien"},"content":{"rendered":"\n<p><\/p>\n\n\n\n<p>Wenn man an Mich und an Essen denkt, denkt man automatisch an GRILLEN.<br>Meine Grillsaison beginnt am 1. Januar und endet am 31. Dezember.<br>Ich will es nicht leugnen, verhungern w\u00fcrde ich nicht und das ist auch gut so.<br>Gegrillt wird Fleisch, Fisch, Gem\u00fcse, Kartoffeln und Obst. Auf dem Grill bereite ich die Vorspeise, das Hauptgericht und die Nachspeise zu. Zwischendurch fotografiere ich einzelne Arbeitsschritte.<br>Da aber jeder seine eigene Art der W\u00fcrzung und Zubereitung hat, verzichte ich hier auf n\u00e4here Details.<br>Auf das Euch das Wasser im Mund zusammen l\u00e4uft, guten Appetit.<\/p>\n\n\n\n<p><\/p>\n","protected":false},"excerpt":{"rendered":"<p>Wenn man an Mich und an Essen denkt, denkt man automatisch an GRILLEN.Meine Grillsaison beginnt am 1. Januar und endet am 31. Dezember.Ich will es nicht leugnen, verhungern w\u00fcrde ich nicht und das ist auch gut so.Gegrillt wird Fleisch, Fisch, Gem\u00fcse, Kartoffeln und Obst. Auf dem Grill bereite ich die Vorspeise, das Hauptgericht und die &hellip; <\/p>\n<p class=\"link-more\"><a href=\"https:\/\/fww-fotografie.de\/?page_id=1789\" class=\"more-link\"><span class=\"screen-reader-text\">\u201eLeckereien\u201c <\/span>weiterlesen<\/a><\/p>\n","protected":false},"author":4,"featured_media":0,"parent":0,"menu_order":0,"comment_status":"closed","ping_status":"closed","template":"","meta":{"footnotes":""},"class_list":["post-1789","page","type-page","status-publish","hentry"],"_links":{"self":[{"href":"https:\/\/fww-fotografie.de\/index.php?rest_route=\/wp\/v2\/pages\/1789","targetHints":{"allow":["GET"]}}],"collection":[{"href":"https:\/\/fww-fotografie.de\/index.php?rest_route=\/wp\/v2\/pages"}],"about":[{"href":"https:\/\/fww-fotografie.de\/index.php?rest_route=\/wp\/v2\/types\/page"}],"author":[{"embeddable":true,"href":"https:\/\/fww-fotografie.de\/index.php?rest_route=\/wp\/v2\/users\/4"}],"replies":[{"embeddable":true,"href":"https:\/\/fww-fotografie.de\/index.php?rest_route=%2Fwp%2Fv2%2Fcomments&post=1789"}],"version-history":[{"count":4,"href":"https:\/\/fww-fotografie.de\/index.php?rest_route=\/wp\/v2\/pages\/1789\/revisions"}],"predecessor-version":[{"id":2746,"href":"https:\/\/fww-fotografie.de\/index.php?rest_route=\/wp\/v2\/pages\/1789\/revisions\/2746"}],"wp:attachment":[{"href":"https:\/\/fww-fotografie.de\/index.php?rest_route=%2Fwp%2Fv2%2Fmedia&parent=1789"}],"curies":[{"name":"wp","href":"https:\/\/api.w.org\/{rel}","templated":true}]}}