{"id":1677,"date":"2023-01-18T14:08:32","date_gmt":"2023-01-18T14:08:32","guid":{"rendered":"http:\/\/fww-fotografie.de\/?page_id=1677"},"modified":"2026-01-25T11:48:22","modified_gmt":"2026-01-25T11:48:22","slug":"fww-fotografie","status":"publish","type":"page","link":"https:\/\/fww-fotografie.de\/","title":{"rendered":"FWW-Fotografie"},"content":{"rendered":"\n<p>Moin,<\/p>\n\n\n\n<p>sch\u00f6n das du auf meiner Webseite vorbei schaust. Nimm dir Zeit und genie\u00dfe auch Du die sch\u00f6nen Momente und Augenblicke, die ich\/wir erlebt habe(n).<\/p>\n\n\n\n<p>Der Eine macht ein Fotobuch und h\u00e4lt so die Erinnerungen fest und ich gestalte alles Online. Die Webseite habe ich in verschiedenen Seiten angeordnet: <\/p>\n\n\n\n<p>Zuerst kommt &#8222;<strong>Ben<\/strong>&#8220; und sein bewegtes Leben in Nordrhein-Westfalen und dann hier in Niedersachsen. Momentaufnahmen, fast alle mit dem Handy erstellt, spiegeln die bisher elf wundervollen Jahre mit ihm wieder. Wir hoffen auf noch einige sch\u00f6ne Jahre. Ich versuche, ein wenig Text einflie\u00dfen zu lassen und ich will auch einige Bilder beschriften. <\/p>\n\n\n\n<p>Ich bin viel im Umland &#8222;<strong>unterwegs<\/strong>&#8220; und dadurch sehe ich auch viel und halte die Momente meistens mit dem Handy fest. Des weiteren m\u00f6chte ich meine neue Heimat kennenlernen und dir\/euch n\u00e4her bringen. Wir wohnen schon immer dort, wo andere Urlaub machen. Diese Seite ist sehr umfangreich und wird auch regelm\u00e4\u00dfig aktualisiert oder erg\u00e4nzt, wenn wir unterwegs waren. Unsere Urlaube und Tagesausfl\u00fcge werden dort auch in Text und vielen Bildern hinterlegt.<\/p>\n\n\n\n<p>Neben fotografieren grille ich auch gerne und wie sagte man mal: verhungern wirst du nicht. &#8222;<strong>Leckereien<\/strong>&#8220; nenne ich die Seite, auf der ich dann in Bildern festhalte, wie ich meinen Grill und mittlerweile auch die K\u00fcche, qu\u00e4le. Da ich kein Kostver\u00e4chter bin und auch Fisch in allen Variationen mag, sind auch dort kulinarische Gen\u00fcsse hinterlegt.  Guten Appetit.<\/p>\n\n\n\n<p>M\u00e4rchen fangen an mit dem Spruch: &#8222;<strong>es war einmal<\/strong>&#8220; und es war auch einmal. Ich schwelge auf der Seite in Erinnerungen, die mein Leben gepr\u00e4gt und ver\u00e4ndert haben.  <\/p>\n\n\n\n<p>Zum Schluss dann bald das obligatorische &#8222;<strong>G\u00e4stebuch &amp; me<\/strong>&#8220; , falls sich jemand verewigen will und etwas unwichtiges \u00fcber mich. <\/p>\n\n\n\n<p>nun schreibe ich noch, VIEL SPASS BEIM SURFEN und wenn du willst, darfst du dich gerne im G\u00e4stebuch verewigen.<\/p>\n\n\n\n<p>Friedrich Wilhelm<\/p>\n\n\n\n<p><strong>PS:<\/strong><\/p>\n\n\n\n<p>Ich verweise in meinen Beitr\u00e4gen sehr oft zum Nachlesen und Belesen mittels Link auf &#8222;die freie Enzyklop\u00e4die von Wikipedia&#8220; und auf die entsprechenden Webseiten der Anderen, die ich hier auf meiner Webseite erw\u00e4hne. Fremde Bilder kennzeichne ich auch dement-sprechend. Sollte jemand Fehler finden oder nicht mit der Verlinkung einverstanden sein, bitte ich um eine entsprechende Mitteilung, besten Dank.<\/p>\n\n\n\n<p><\/p>\n","protected":false},"excerpt":{"rendered":"<p>Moin, sch\u00f6n das du auf meiner Webseite vorbei schaust. Nimm dir Zeit und genie\u00dfe auch Du die sch\u00f6nen Momente und Augenblicke, die ich\/wir erlebt habe(n). Der Eine macht ein Fotobuch und h\u00e4lt so die Erinnerungen fest und ich gestalte alles Online. Die Webseite habe ich in verschiedenen Seiten angeordnet: Zuerst kommt &#8222;Ben&#8220; und sein bewegtes &hellip; <\/p>\n<p class=\"link-more\"><a href=\"https:\/\/fww-fotografie.de\/\" class=\"more-link\"><span class=\"screen-reader-text\">\u201eFWW-Fotografie\u201c <\/span>weiterlesen<\/a><\/p>\n","protected":false},"author":1,"featured_media":0,"parent":0,"menu_order":0,"comment_status":"closed","ping_status":"closed","template":"","meta":{"footnotes":""},"class_list":["post-1677","page","type-page","status-publish","hentry"],"_links":{"self":[{"href":"https:\/\/fww-fotografie.de\/index.php?rest_route=\/wp\/v2\/pages\/1677","targetHints":{"allow":["GET"]}}],"collection":[{"href":"https:\/\/fww-fotografie.de\/index.php?rest_route=\/wp\/v2\/pages"}],"about":[{"href":"https:\/\/fww-fotografie.de\/index.php?rest_route=\/wp\/v2\/types\/page"}],"author":[{"embeddable":true,"href":"https:\/\/fww-fotografie.de\/index.php?rest_route=\/wp\/v2\/users\/1"}],"replies":[{"embeddable":true,"href":"https:\/\/fww-fotografie.de\/index.php?rest_route=%2Fwp%2Fv2%2Fcomments&post=1677"}],"version-history":[{"count":15,"href":"https:\/\/fww-fotografie.de\/index.php?rest_route=\/wp\/v2\/pages\/1677\/revisions"}],"predecessor-version":[{"id":3727,"href":"https:\/\/fww-fotografie.de\/index.php?rest_route=\/wp\/v2\/pages\/1677\/revisions\/3727"}],"wp:attachment":[{"href":"https:\/\/fww-fotografie.de\/index.php?rest_route=%2Fwp%2Fv2%2Fmedia&parent=1677"}],"curies":[{"name":"wp","href":"https:\/\/api.w.org\/{rel}","templated":true}]}}