{"id":1671,"date":"2023-01-18T13:56:49","date_gmt":"2023-01-18T13:56:49","guid":{"rendered":"http:\/\/fww-fotografie.de\/?page_id=1671"},"modified":"2023-01-18T22:15:53","modified_gmt":"2023-01-18T22:15:53","slug":"es-war-einmal","status":"publish","type":"page","link":"https:\/\/fww-fotografie.de\/?page_id=1671","title":{"rendered":"es war einmal"},"content":{"rendered":"\n<ul class=\"wp-block-list\">\n<li>es gab mal eine Zeit, da stand Fotografie bei mir im Vordergrund. Meine Arbeiten und Bilder sind in Beitr\u00e4gen zu sehen. Viel Spa\u00df beim surfen.  Zwischendurch nehme ich die Kamera noch in die Hand und dr\u00fccke auch auf den Ausl\u00f6ser.<\/li>\n<\/ul>\n\n\n\n<p><\/p>\n\n\n\n<ul class=\"wp-block-list\">\n<li>ein wichtiger Lebensabschnitt war meine alte Heimat und mein Zuhause. Da der Landsitz verkauft wurde, habe aus R\u00fccksicht der Privatsph\u00e4re meines K\u00e4ufers vor\u00fcbergehend Bilder und Texte minimiert. Danke f\u00fcrs Verst\u00e4ndnis. <\/li>\n<\/ul>\n","protected":false},"excerpt":{"rendered":"","protected":false},"author":1,"featured_media":0,"parent":0,"menu_order":0,"comment_status":"closed","ping_status":"closed","template":"","meta":{"footnotes":""},"class_list":["post-1671","page","type-page","status-publish","hentry"],"_links":{"self":[{"href":"https:\/\/fww-fotografie.de\/index.php?rest_route=\/wp\/v2\/pages\/1671","targetHints":{"allow":["GET"]}}],"collection":[{"href":"https:\/\/fww-fotografie.de\/index.php?rest_route=\/wp\/v2\/pages"}],"about":[{"href":"https:\/\/fww-fotografie.de\/index.php?rest_route=\/wp\/v2\/types\/page"}],"author":[{"embeddable":true,"href":"https:\/\/fww-fotografie.de\/index.php?rest_route=\/wp\/v2\/users\/1"}],"replies":[{"embeddable":true,"href":"https:\/\/fww-fotografie.de\/index.php?rest_route=%2Fwp%2Fv2%2Fcomments&post=1671"}],"version-history":[{"count":3,"href":"https:\/\/fww-fotografie.de\/index.php?rest_route=\/wp\/v2\/pages\/1671\/revisions"}],"predecessor-version":[{"id":1732,"href":"https:\/\/fww-fotografie.de\/index.php?rest_route=\/wp\/v2\/pages\/1671\/revisions\/1732"}],"wp:attachment":[{"href":"https:\/\/fww-fotografie.de\/index.php?rest_route=%2Fwp%2Fv2%2Fmedia&parent=1671"}],"curies":[{"name":"wp","href":"https:\/\/api.w.org\/{rel}","templated":true}]}}